{"id":266,"date":"2020-08-24T20:42:05","date_gmt":"2020-08-24T23:42:05","guid":{"rendered":"https:\/\/revistaenraizada.com\/?page_id=266"},"modified":"2020-09-01T23:27:30","modified_gmt":"2020-09-02T02:27:30","slug":"contacto","status":"publish","type":"page","link":"https:\/\/revistaenraizada.com\/index.php\/contacto\/","title":{"rendered":"Contacto:"},"content":{"rendered":"\n<p class=\"has-medium-font-size\">Si ten\u00e9s una propuesta, comentario, o simplemente quer\u00e9s colaborar con el proyecto, pod\u00e9s contactarnos por cualquiera de estos medios:<\/p>\n\n\n\n<p class=\"has-medium-font-size\">Mail:        coordinaci\u00f3n@revistaenraizada.com<\/p>\n\n\n\n<p>Facebook: <a href=\"http:\/\/www.facebook.com\/enraizada.historia\" target=\"_blank\" rel=\"noreferrer noopener\">Revista Enraizada <\/a><\/p>\n\n\n\n<p>Instagram: <a href=\"http:\/\/www.instagram.com\/revista.enraizada\/\" target=\"_blank\" rel=\"noreferrer noopener\">@revista.enraizada<\/a><\/p>\n","protected":false},"excerpt":{"rendered":"<p>Si ten\u00e9s una propuesta, comentario, o simplemente quer\u00e9s colaborar con el proyecto, pod\u00e9s contactarnos por cualquiera de estos medios: Mail: coordinaci\u00f3n@revistaenraizada.com Facebook: Revista Enraizada Instagram: @revista.enraizada<\/p>\n","protected":false},"author":1,"featured_media":0,"parent":0,"menu_order":0,"comment_status":"closed","ping_status":"closed","template":"","meta":[],"yoast_head":"<!-- This site is optimized with the Yoast SEO plugin v19.4 - https:\/\/yoast.com\/wordpress\/plugins\/seo\/ -->\n<title>Revista Enraizada - historia y cosas \/ Contactanos<\/title>\n<meta name=\"description\" content=\"Si ten\u00e9s una propuesta, comentario, o simplemente quer\u00e9s colaborar con el proyecto, pod\u00e9s contactarnos por cualquiera de estos medios:\" \/>\n<meta name=\"robots\" content=\"index, follow, max-snippet:-1, max-image-preview:large, max-video-preview:-1\" \/>\n<link rel=\"canonical\" href=\"https:\/\/revistaenraizada.com\/index.php\/contacto\/\" \/>\n<meta property=\"og:locale\" content=\"es_ES\" \/>\n<meta property=\"og:type\" content=\"article\" \/>\n<meta property=\"og:title\" content=\"Revista Enraizada - historia y cosas \/ Contactanos\" \/>\n<meta property=\"og:description\" content=\"Si ten\u00e9s una propuesta, comentario, o simplemente quer\u00e9s colaborar con el proyecto, pod\u00e9s contactarnos por cualquiera de estos medios:\" \/>\n<meta property=\"og:url\" content=\"https:\/\/revistaenraizada.com\/index.php\/contacto\/\" \/>\n<meta property=\"og:site_name\" content=\"Revista Enraizada\" \/>\n<meta property=\"article:publisher\" content=\"https:\/\/www.facebook.com\/enraizada.historia\" \/>\n<meta property=\"article:modified_time\" content=\"2020-09-02T02:27:30+00:00\" \/>\n<meta name=\"twitter:card\" content=\"summary_large_image\" \/>\n<script type=\"application\/ld+json\" class=\"yoast-schema-graph\">{\"@context\":\"https:\/\/schema.org\",\"@graph\":[{\"@type\":\"Organization\",\"@id\":\"https:\/\/revistaenraizada.com\/#organization\",\"name\":\"Revista Enraizada\",\"url\":\"https:\/\/revistaenraizada.com\/\",\"sameAs\":[\"https:\/\/www.instagram.com\/revista.enraizada\/\",\"https:\/\/www.facebook.com\/enraizada.historia\"],\"logo\":{\"@type\":\"ImageObject\",\"inLanguage\":\"es-AR\",\"@id\":\"https:\/\/revistaenraizada.com\/#\/schema\/logo\/image\/\",\"url\":\"https:\/\/revistaenraizada.com\/wp-content\/uploads\/2020\/09\/Logo-oficial.jpg\",\"contentUrl\":\"https:\/\/revistaenraizada.com\/wp-content\/uploads\/2020\/09\/Logo-oficial.jpg\",\"width\":1043,\"height\":896,\"caption\":\"Revista Enraizada\"},\"image\":{\"@id\":\"https:\/\/revistaenraizada.com\/#\/schema\/logo\/image\/\"}},{\"@type\":\"WebSite\",\"@id\":\"https:\/\/revistaenraizada.com\/#website\",\"url\":\"https:\/\/revistaenraizada.com\/\",\"name\":\"Revista Enraizada\",\"description\":\"Historia y cosas.\",\"publisher\":{\"@id\":\"https:\/\/revistaenraizada.com\/#organization\"},\"potentialAction\":[{\"@type\":\"SearchAction\",\"target\":{\"@type\":\"EntryPoint\",\"urlTemplate\":\"https:\/\/revistaenraizada.com\/?s={search_term_string}\"},\"query-input\":\"required name=search_term_string\"}],\"inLanguage\":\"es-AR\"},{\"@type\":\"WebPage\",\"@id\":\"https:\/\/revistaenraizada.com\/index.php\/contacto\/\",\"url\":\"https:\/\/revistaenraizada.com\/index.php\/contacto\/\",\"name\":\"Revista Enraizada - historia y cosas \/ Contactanos\",\"isPartOf\":{\"@id\":\"https:\/\/revistaenraizada.com\/#website\"},\"datePublished\":\"2020-08-24T23:42:05+00:00\",\"dateModified\":\"2020-09-02T02:27:30+00:00\",\"description\":\"Si ten\u00e9s una propuesta, comentario, o simplemente quer\u00e9s colaborar con el proyecto, pod\u00e9s contactarnos por cualquiera de estos medios:\",\"breadcrumb\":{\"@id\":\"https:\/\/revistaenraizada.com\/index.php\/contacto\/#breadcrumb\"},\"inLanguage\":\"es-AR\",\"potentialAction\":[{\"@type\":\"ReadAction\",\"target\":[\"https:\/\/revistaenraizada.com\/index.php\/contacto\/\"]}]},{\"@type\":\"BreadcrumbList\",\"@id\":\"https:\/\/revistaenraizada.com\/index.php\/contacto\/#breadcrumb\",\"itemListElement\":[{\"@type\":\"ListItem\",\"position\":1,\"name\":\"Inicio\",\"item\":\"https:\/\/revistaenraizada.com\/\"},{\"@type\":\"ListItem\",\"position\":2,\"name\":\"Contacto:\"}]}]}<\/script>\n<!-- \/ Yoast SEO plugin. -->","yoast_head_json":{"title":"Revista Enraizada - historia y cosas \/ Contactanos","description":"Si ten\u00e9s una propuesta, comentario, o simplemente quer\u00e9s colaborar con el proyecto, pod\u00e9s contactarnos por cualquiera de estos medios:","robots":{"index":"index","follow":"follow","max-snippet":"max-snippet:-1","max-image-preview":"max-image-preview:large","max-video-preview":"max-video-preview:-1"},"canonical":"https:\/\/revistaenraizada.com\/index.php\/contacto\/","og_locale":"es_ES","og_type":"article","og_title":"Revista Enraizada - historia y cosas \/ Contactanos","og_description":"Si ten\u00e9s una propuesta, comentario, o simplemente quer\u00e9s colaborar con el proyecto, pod\u00e9s contactarnos por cualquiera de estos medios:","og_url":"https:\/\/revistaenraizada.com\/index.php\/contacto\/","og_site_name":"Revista Enraizada","article_publisher":"https:\/\/www.facebook.com\/enraizada.historia","article_modified_time":"2020-09-02T02:27:30+00:00","twitter_card":"summary_large_image","schema":{"@context":"https:\/\/schema.org","@graph":[{"@type":"Organization","@id":"https:\/\/revistaenraizada.com\/#organization","name":"Revista Enraizada","url":"https:\/\/revistaenraizada.com\/","sameAs":["https:\/\/www.instagram.com\/revista.enraizada\/","https:\/\/www.facebook.com\/enraizada.historia"],"logo":{"@type":"ImageObject","inLanguage":"es-AR","@id":"https:\/\/revistaenraizada.com\/#\/schema\/logo\/image\/","url":"https:\/\/revistaenraizada.com\/wp-content\/uploads\/2020\/09\/Logo-oficial.jpg","contentUrl":"https:\/\/revistaenraizada.com\/wp-content\/uploads\/2020\/09\/Logo-oficial.jpg","width":1043,"height":896,"caption":"Revista Enraizada"},"image":{"@id":"https:\/\/revistaenraizada.com\/#\/schema\/logo\/image\/"}},{"@type":"WebSite","@id":"https:\/\/revistaenraizada.com\/#website","url":"https:\/\/revistaenraizada.com\/","name":"Revista Enraizada","description":"Historia y cosas.","publisher":{"@id":"https:\/\/revistaenraizada.com\/#organization"},"potentialAction":[{"@type":"SearchAction","target":{"@type":"EntryPoint","urlTemplate":"https:\/\/revistaenraizada.com\/?s={search_term_string}"},"query-input":"required name=search_term_string"}],"inLanguage":"es-AR"},{"@type":"WebPage","@id":"https:\/\/revistaenraizada.com\/index.php\/contacto\/","url":"https:\/\/revistaenraizada.com\/index.php\/contacto\/","name":"Revista Enraizada - historia y cosas \/ Contactanos","isPartOf":{"@id":"https:\/\/revistaenraizada.com\/#website"},"datePublished":"2020-08-24T23:42:05+00:00","dateModified":"2020-09-02T02:27:30+00:00","description":"Si ten\u00e9s una propuesta, comentario, o simplemente quer\u00e9s colaborar con el proyecto, pod\u00e9s contactarnos por cualquiera de estos medios:","breadcrumb":{"@id":"https:\/\/revistaenraizada.com\/index.php\/contacto\/#breadcrumb"},"inLanguage":"es-AR","potentialAction":[{"@type":"ReadAction","target":["https:\/\/revistaenraizada.com\/index.php\/contacto\/"]}]},{"@type":"BreadcrumbList","@id":"https:\/\/revistaenraizada.com\/index.php\/contacto\/#breadcrumb","itemListElement":[{"@type":"ListItem","position":1,"name":"Inicio","item":"https:\/\/revistaenraizada.com\/"},{"@type":"ListItem","position":2,"name":"Contacto:"}]}]}},"_links":{"self":[{"href":"https:\/\/revistaenraizada.com\/index.php\/wp-json\/wp\/v2\/pages\/266"}],"collection":[{"href":"https:\/\/revistaenraizada.com\/index.php\/wp-json\/wp\/v2\/pages"}],"about":[{"href":"https:\/\/revistaenraizada.com\/index.php\/wp-json\/wp\/v2\/types\/page"}],"author":[{"embeddable":true,"href":"https:\/\/revistaenraizada.com\/index.php\/wp-json\/wp\/v2\/users\/1"}],"replies":[{"embeddable":true,"href":"https:\/\/revistaenraizada.com\/index.php\/wp-json\/wp\/v2\/comments?post=266"}],"version-history":[{"count":4,"href":"https:\/\/revistaenraizada.com\/index.php\/wp-json\/wp\/v2\/pages\/266\/revisions"}],"predecessor-version":[{"id":309,"href":"https:\/\/revistaenraizada.com\/index.php\/wp-json\/wp\/v2\/pages\/266\/revisions\/309"}],"wp:attachment":[{"href":"https:\/\/revistaenraizada.com\/index.php\/wp-json\/wp\/v2\/media?parent=266"}],"curies":[{"name":"wp","href":"https:\/\/api.w.org\/{rel}","templated":true}]}}