{"id":570,"date":"2021-01-02T21:53:29","date_gmt":"2021-01-03T00:53:29","guid":{"rendered":"https:\/\/revistaenraizada.com\/?page_id=570"},"modified":"2021-01-04T15:00:23","modified_gmt":"2021-01-04T18:00:23","slug":"convocatoria-permanente","status":"publish","type":"page","link":"https:\/\/revistaenraizada.com\/index.php\/convocatoria-permanente\/","title":{"rendered":"Convocatoria permanente"},"content":{"rendered":"\n<div class=\"wp-block-image is-style-default\"><figure class=\"aligncenter size-large is-resized\"><img loading=\"lazy\" src=\"https:\/\/revistaenraizada.com\/wp-content\/uploads\/2021\/01\/E-n-r-a-i-z-a-d-a.png\" alt=\"Convocatoria para publicar en Revista Enraizada\" class=\"wp-image-578\" width=\"337\" height=\"506\" title=\"convocatoria-permanente-enraizada\" srcset=\"https:\/\/revistaenraizada.com\/wp-content\/uploads\/2021\/01\/E-n-r-a-i-z-a-d-a.png 600w, https:\/\/revistaenraizada.com\/wp-content\/uploads\/2021\/01\/E-n-r-a-i-z-a-d-a-200x300.png 200w\" sizes=\"(max-width: 337px) 100vw, 337px\" \/><\/figure><\/div>\n\n\n\n<p>\u00bfTe gustar\u00eda publicar en Enraizada? \u00bfTe interesa divulgar investigaci\u00f3nes tuyas o de otres?<\/p>\n\n\n\n<p>Pod\u00e9s enviarnos una propuesta de trabajo para redacci\u00f3n y publicaci\u00f3n de un art\u00edculo o rese\u00f1a <strong>original y nuevo<\/strong> que trate un tema dentro del campo disciplinar de la Historia y Ciencias Sociales mediante el Formulario \u00danico de Publicaci\u00f3n. <\/p>\n\n\n\n<p>Aceptaremos propuestas de estudiantes y graduados de carreras de grado en historia, filosof\u00eda, antropolog\u00eda, sociolog\u00eda, econom\u00eda y afines de cualquier universidad y pa\u00eds del mundo, redactados exclusivamente en <strong>idioma espa\u00f1ol. <\/strong><\/p>\n\n\n\n<p>Links de inter\u00e9s: <\/p>\n\n\n\n<ul><li><a href=\"https:\/\/docs.google.com\/forms\/d\/1D3HpFC0rvTpQW4giBskd827lgfSWDlHLvib_9EEV-6g\/viewform?edit_requested=true\">Formulario de publicac<\/a><a rel=\"noreferrer noopener\" href=\"https:\/\/docs.google.com\/forms\/d\/1D3HpFC0rvTpQW4giBskd827lgfSWDlHLvib_9EEV-6g\/viewform?edit_requested=true\" target=\"_blank\">i<\/a><a href=\"https:\/\/docs.google.com\/forms\/d\/1D3HpFC0rvTpQW4giBskd827lgfSWDlHLvib_9EEV-6g\/viewform?edit_requested=true\">\u00f3n <\/a><\/li><li><a rel=\"noreferrer noopener\" href=\"https:\/\/drive.google.com\/file\/d\/1YczuoLUpOyYqv0L6BlVkWDHN99VIo0BR\/view?usp=sharing\" target=\"_blank\">Cuesti\u00f3nes de forma para publicar<\/a><\/li><\/ul>\n\n\n\n<p>Ante cualquier duda o consulta pod\u00e9s escribirnos a coordinaci\u00f3n@revistaenraizada.com o contactarnos por redes sociales. <\/p>\n\n\n\n<p>Atte. <\/p>\n\n\n\n<p>Equipo editorial de Revista Enraizada. <\/p>\n\n\n\n<h2 class=\"has-text-align-center\">~<\/h2>\n","protected":false},"excerpt":{"rendered":"<p>\u00bfTe gustar\u00eda publicar en Enraizada? \u00bfTe interesa divulgar investigaci\u00f3nes tuyas o de otres? Pod\u00e9s enviarnos una propuesta de trabajo para redacci\u00f3n y publicaci\u00f3n de un art\u00edculo o rese\u00f1a original y&hellip; <\/p>\n","protected":false},"author":1,"featured_media":0,"parent":0,"menu_order":0,"comment_status":"closed","ping_status":"closed","template":"","meta":[],"yoast_head":"<!-- This site is optimized with the Yoast SEO plugin v19.4 - https:\/\/yoast.com\/wordpress\/plugins\/seo\/ -->\n<title>Convocatoria permanente - Revista Enraizada<\/title>\n<meta name=\"robots\" content=\"index, follow, max-snippet:-1, max-image-preview:large, max-video-preview:-1\" \/>\n<link rel=\"canonical\" href=\"https:\/\/revistaenraizada.com\/index.php\/convocatoria-permanente\/\" \/>\n<meta property=\"og:locale\" content=\"es_ES\" \/>\n<meta property=\"og:type\" content=\"article\" \/>\n<meta property=\"og:title\" content=\"Convocatoria permanente - Revista Enraizada\" \/>\n<meta property=\"og:description\" content=\"\u00bfTe gustar\u00eda publicar en Enraizada? \u00bfTe interesa divulgar investigaci\u00f3nes tuyas o de otres? Pod\u00e9s enviarnos una propuesta de trabajo para redacci\u00f3n y publicaci\u00f3n de un art\u00edculo o rese\u00f1a original y&hellip;\" \/>\n<meta property=\"og:url\" content=\"https:\/\/revistaenraizada.com\/index.php\/convocatoria-permanente\/\" \/>\n<meta property=\"og:site_name\" content=\"Revista Enraizada\" \/>\n<meta property=\"article:publisher\" content=\"https:\/\/www.facebook.com\/enraizada.historia\" \/>\n<meta property=\"article:modified_time\" content=\"2021-01-04T18:00:23+00:00\" \/>\n<meta property=\"og:image\" content=\"https:\/\/revistaenraizada.com\/wp-content\/uploads\/2021\/01\/E-n-r-a-i-z-a-d-a.png\" \/>\n<meta name=\"twitter:card\" content=\"summary_large_image\" \/>\n<meta name=\"twitter:label1\" content=\"Tiempo de lectura\" \/>\n\t<meta name=\"twitter:data1\" content=\"1 minuto\" \/>\n<script type=\"application\/ld+json\" class=\"yoast-schema-graph\">{\"@context\":\"https:\/\/schema.org\",\"@graph\":[{\"@type\":\"Organization\",\"@id\":\"https:\/\/revistaenraizada.com\/#organization\",\"name\":\"Revista Enraizada\",\"url\":\"https:\/\/revistaenraizada.com\/\",\"sameAs\":[\"https:\/\/www.instagram.com\/revista.enraizada\/\",\"https:\/\/www.facebook.com\/enraizada.historia\"],\"logo\":{\"@type\":\"ImageObject\",\"inLanguage\":\"es-AR\",\"@id\":\"https:\/\/revistaenraizada.com\/#\/schema\/logo\/image\/\",\"url\":\"https:\/\/revistaenraizada.com\/wp-content\/uploads\/2020\/09\/Logo-oficial.jpg\",\"contentUrl\":\"https:\/\/revistaenraizada.com\/wp-content\/uploads\/2020\/09\/Logo-oficial.jpg\",\"width\":1043,\"height\":896,\"caption\":\"Revista Enraizada\"},\"image\":{\"@id\":\"https:\/\/revistaenraizada.com\/#\/schema\/logo\/image\/\"}},{\"@type\":\"WebSite\",\"@id\":\"https:\/\/revistaenraizada.com\/#website\",\"url\":\"https:\/\/revistaenraizada.com\/\",\"name\":\"Revista Enraizada\",\"description\":\"Historia y cosas.\",\"publisher\":{\"@id\":\"https:\/\/revistaenraizada.com\/#organization\"},\"potentialAction\":[{\"@type\":\"SearchAction\",\"target\":{\"@type\":\"EntryPoint\",\"urlTemplate\":\"https:\/\/revistaenraizada.com\/?s={search_term_string}\"},\"query-input\":\"required name=search_term_string\"}],\"inLanguage\":\"es-AR\"},{\"@type\":\"WebPage\",\"@id\":\"https:\/\/revistaenraizada.com\/index.php\/convocatoria-permanente\/\",\"url\":\"https:\/\/revistaenraizada.com\/index.php\/convocatoria-permanente\/\",\"name\":\"Convocatoria permanente - Revista Enraizada\",\"isPartOf\":{\"@id\":\"https:\/\/revistaenraizada.com\/#website\"},\"datePublished\":\"2021-01-03T00:53:29+00:00\",\"dateModified\":\"2021-01-04T18:00:23+00:00\",\"breadcrumb\":{\"@id\":\"https:\/\/revistaenraizada.com\/index.php\/convocatoria-permanente\/#breadcrumb\"},\"inLanguage\":\"es-AR\",\"potentialAction\":[{\"@type\":\"ReadAction\",\"target\":[\"https:\/\/revistaenraizada.com\/index.php\/convocatoria-permanente\/\"]}]},{\"@type\":\"BreadcrumbList\",\"@id\":\"https:\/\/revistaenraizada.com\/index.php\/convocatoria-permanente\/#breadcrumb\",\"itemListElement\":[{\"@type\":\"ListItem\",\"position\":1,\"name\":\"Inicio\",\"item\":\"https:\/\/revistaenraizada.com\/\"},{\"@type\":\"ListItem\",\"position\":2,\"name\":\"Convocatoria permanente\"}]}]}<\/script>\n<!-- \/ Yoast SEO plugin. -->","yoast_head_json":{"title":"Convocatoria permanente - Revista Enraizada","robots":{"index":"index","follow":"follow","max-snippet":"max-snippet:-1","max-image-preview":"max-image-preview:large","max-video-preview":"max-video-preview:-1"},"canonical":"https:\/\/revistaenraizada.com\/index.php\/convocatoria-permanente\/","og_locale":"es_ES","og_type":"article","og_title":"Convocatoria permanente - Revista Enraizada","og_description":"\u00bfTe gustar\u00eda publicar en Enraizada? \u00bfTe interesa divulgar investigaci\u00f3nes tuyas o de otres? Pod\u00e9s enviarnos una propuesta de trabajo para redacci\u00f3n y publicaci\u00f3n de un art\u00edculo o rese\u00f1a original y&hellip;","og_url":"https:\/\/revistaenraizada.com\/index.php\/convocatoria-permanente\/","og_site_name":"Revista Enraizada","article_publisher":"https:\/\/www.facebook.com\/enraizada.historia","article_modified_time":"2021-01-04T18:00:23+00:00","og_image":[{"url":"https:\/\/revistaenraizada.com\/wp-content\/uploads\/2021\/01\/E-n-r-a-i-z-a-d-a.png"}],"twitter_card":"summary_large_image","twitter_misc":{"Tiempo de lectura":"1 minuto"},"schema":{"@context":"https:\/\/schema.org","@graph":[{"@type":"Organization","@id":"https:\/\/revistaenraizada.com\/#organization","name":"Revista Enraizada","url":"https:\/\/revistaenraizada.com\/","sameAs":["https:\/\/www.instagram.com\/revista.enraizada\/","https:\/\/www.facebook.com\/enraizada.historia"],"logo":{"@type":"ImageObject","inLanguage":"es-AR","@id":"https:\/\/revistaenraizada.com\/#\/schema\/logo\/image\/","url":"https:\/\/revistaenraizada.com\/wp-content\/uploads\/2020\/09\/Logo-oficial.jpg","contentUrl":"https:\/\/revistaenraizada.com\/wp-content\/uploads\/2020\/09\/Logo-oficial.jpg","width":1043,"height":896,"caption":"Revista Enraizada"},"image":{"@id":"https:\/\/revistaenraizada.com\/#\/schema\/logo\/image\/"}},{"@type":"WebSite","@id":"https:\/\/revistaenraizada.com\/#website","url":"https:\/\/revistaenraizada.com\/","name":"Revista Enraizada","description":"Historia y cosas.","publisher":{"@id":"https:\/\/revistaenraizada.com\/#organization"},"potentialAction":[{"@type":"SearchAction","target":{"@type":"EntryPoint","urlTemplate":"https:\/\/revistaenraizada.com\/?s={search_term_string}"},"query-input":"required name=search_term_string"}],"inLanguage":"es-AR"},{"@type":"WebPage","@id":"https:\/\/revistaenraizada.com\/index.php\/convocatoria-permanente\/","url":"https:\/\/revistaenraizada.com\/index.php\/convocatoria-permanente\/","name":"Convocatoria permanente - Revista Enraizada","isPartOf":{"@id":"https:\/\/revistaenraizada.com\/#website"},"datePublished":"2021-01-03T00:53:29+00:00","dateModified":"2021-01-04T18:00:23+00:00","breadcrumb":{"@id":"https:\/\/revistaenraizada.com\/index.php\/convocatoria-permanente\/#breadcrumb"},"inLanguage":"es-AR","potentialAction":[{"@type":"ReadAction","target":["https:\/\/revistaenraizada.com\/index.php\/convocatoria-permanente\/"]}]},{"@type":"BreadcrumbList","@id":"https:\/\/revistaenraizada.com\/index.php\/convocatoria-permanente\/#breadcrumb","itemListElement":[{"@type":"ListItem","position":1,"name":"Inicio","item":"https:\/\/revistaenraizada.com\/"},{"@type":"ListItem","position":2,"name":"Convocatoria permanente"}]}]}},"_links":{"self":[{"href":"https:\/\/revistaenraizada.com\/index.php\/wp-json\/wp\/v2\/pages\/570"}],"collection":[{"href":"https:\/\/revistaenraizada.com\/index.php\/wp-json\/wp\/v2\/pages"}],"about":[{"href":"https:\/\/revistaenraizada.com\/index.php\/wp-json\/wp\/v2\/types\/page"}],"author":[{"embeddable":true,"href":"https:\/\/revistaenraizada.com\/index.php\/wp-json\/wp\/v2\/users\/1"}],"replies":[{"embeddable":true,"href":"https:\/\/revistaenraizada.com\/index.php\/wp-json\/wp\/v2\/comments?post=570"}],"version-history":[{"count":5,"href":"https:\/\/revistaenraizada.com\/index.php\/wp-json\/wp\/v2\/pages\/570\/revisions"}],"predecessor-version":[{"id":588,"href":"https:\/\/revistaenraizada.com\/index.php\/wp-json\/wp\/v2\/pages\/570\/revisions\/588"}],"wp:attachment":[{"href":"https:\/\/revistaenraizada.com\/index.php\/wp-json\/wp\/v2\/media?parent=570"}],"curies":[{"name":"wp","href":"https:\/\/api.w.org\/{rel}","templated":true}]}}